{"id":9,"date":"2025-01-28T18:26:08","date_gmt":"2025-01-28T23:26:08","guid":{"rendered":"https:\/\/iepsanjoseobrero.org\/portal\/?page_id=9"},"modified":"2025-11-14T18:44:04","modified_gmt":"2025-11-14T23:44:04","slug":"iniciosjo","status":"publish","type":"page","link":"https:\/\/iepsanjoseobrero.org\/portal\/","title":{"rendered":"iniciosjo"},"content":{"rendered":"<div class=\"wpb-content-wrapper\">[vc_row css=\u00bb.vc_custom_1738121851090{margin-top: 0px !important;margin-bottom: 0px !important;border-top-width: 0px !important;border-bottom-width: 0px !important;padding-top: 0px !important;padding-bottom: 0px !important;}\u00bb][vc_column css=\u00bb.vc_custom_1738123000261{margin-top: 0px !important;margin-bottom: 0px !important;border-top-width: 0px !important;border-bottom-width: 0px !important;padding-top: 0px !important;padding-bottom: 0px !important;}\u00bb][vc_column_text css=\u00bb.vc_custom_1738122991595{margin-top: 0px !important;margin-bottom: 0px !important;border-top-width: 0px !important;border-bottom-width: 0px !important;padding-top: 0px !important;padding-bottom: 0px !important;}\u00bb][\/vc_column_text][\/vc_column][\/vc_row][vc_row][vc_column css=\u00bb.vc_custom_1738123032694{margin-top: 0px !important;border-top-width: 0px !important;padding-top: 0px !important;}\u00bb][vc_column_text css=\u00bb.vc_custom_1738132155929{margin-top: 0px !important;margin-bottom: 0px !important;border-top-width: 0px !important;border-bottom-width: 0px !important;padding-top: 0px !important;padding-bottom: 0px !important;}\u00bb]<script type=\"text\/javascript\">jQuery(function() { _initLayerSlider( '#layerslider_1_okgyr6bxc2vf', {createdWith: '6.11.1', sliderVersion: '7.14.1', allowFullscreen: true, pauseOnHover: 'enabled', skin: 'v6', sliderFadeInDuration: 350, useSrcset: true, skinsPath: 'https:\/\/iepsanjoseobrero.org\/portal\/wp-content\/plugins\/LayerSlider\/assets\/static\/layerslider\/skins\/', performanceMode: true}); });<\/script><div id=\"layerslider_1_okgyr6bxc2vf\"  class=\"ls-wp-container fitvidsignore ls-selectable\" style=\"width:1440px;height:500px;margin:0 auto;margin-bottom: 0px;\"><div class=\"ls-slide\" ><img loading=\"lazy\" decoding=\"async\" width=\"960\" height=\"355\" src=\"https:\/\/iepsanjoseobrero.org\/portal\/wp-content\/uploads\/2025\/01\/sjo5.jpeg\" class=\"ls-l ls-img-layer\" alt=\"\" srcset=\"https:\/\/iepsanjoseobrero.org\/portal\/wp-content\/uploads\/2025\/01\/sjo5.jpeg 960w, https:\/\/iepsanjoseobrero.org\/portal\/wp-content\/uploads\/2025\/01\/sjo5-300x111.jpeg 300w, https:\/\/iepsanjoseobrero.org\/portal\/wp-content\/uploads\/2025\/01\/sjo5-768x284.jpeg 768w\" sizes=\"auto, (max-width: 960px) 100vw, 960px\" style=\"top:-2px;left:0px;width:1450px;height:505px;\" data-ls=\"durationin:5000;\"><\/div><div class=\"ls-slide\" ><img loading=\"lazy\" decoding=\"async\" width=\"1280\" height=\"640\" src=\"https:\/\/iepsanjoseobrero.org\/portal\/wp-content\/uploads\/2025\/01\/ls-project-1-slide-2.jpg\" class=\"ls-tn\" alt=\"\" srcset=\"https:\/\/iepsanjoseobrero.org\/portal\/wp-content\/uploads\/2025\/01\/ls-project-1-slide-2.jpg 1280w, https:\/\/iepsanjoseobrero.org\/portal\/wp-content\/uploads\/2025\/01\/ls-project-1-slide-2-300x150.jpg 300w, https:\/\/iepsanjoseobrero.org\/portal\/wp-content\/uploads\/2025\/01\/ls-project-1-slide-2-1024x512.jpg 1024w, https:\/\/iepsanjoseobrero.org\/portal\/wp-content\/uploads\/2025\/01\/ls-project-1-slide-2-768x384.jpg 768w, https:\/\/iepsanjoseobrero.org\/portal\/wp-content\/uploads\/2025\/01\/ls-project-1-slide-2-400x200.jpg 400w\" sizes=\"auto, (max-width: 1280px) 100vw, 1280px\" \/><img loading=\"lazy\" decoding=\"async\" width=\"1080\" height=\"720\" src=\"https:\/\/iepsanjoseobrero.org\/portal\/wp-content\/uploads\/2026\/01\/WhatsApp-Image-2026-01-15-at-12.09.43-PM.jpeg\" class=\"ls-l ls-img-layer\" alt=\"\" srcset=\"https:\/\/iepsanjoseobrero.org\/portal\/wp-content\/uploads\/2026\/01\/WhatsApp-Image-2026-01-15-at-12.09.43-PM.jpeg 1080w, https:\/\/iepsanjoseobrero.org\/portal\/wp-content\/uploads\/2026\/01\/WhatsApp-Image-2026-01-15-at-12.09.43-PM-300x200.jpeg 300w, https:\/\/iepsanjoseobrero.org\/portal\/wp-content\/uploads\/2026\/01\/WhatsApp-Image-2026-01-15-at-12.09.43-PM-1024x683.jpeg 1024w, https:\/\/iepsanjoseobrero.org\/portal\/wp-content\/uploads\/2026\/01\/WhatsApp-Image-2026-01-15-at-12.09.43-PM-768x512.jpeg 768w\" sizes=\"auto, (max-width: 1080px) 100vw, 1080px\" style=\"top:-339px;left:-6px;width:1450px;height:985px;\" data-ls=\"durationin:5000;easingin:easeOutQuad;\"><\/div><\/div>[\/vc_column_text][\/vc_column][\/vc_row][vc_row][vc_column width=\u00bb1\/4&#8243;][vc_column_text css_animation=\u00bbbounceIn\u00bb css=\u00bb\u00bb]\n<p style=\"text-align: center;\"><a href=\"https:\/\/drive.google.com\/file\/d\/1OlYvU-SGDbd6pnXe_-1Qsa0kSy-tiex3\/view\" target=\"_blank\" rel=\"noopener\"><strong>Bolet\u00edn informativo 2025<\/strong><\/a><\/p>\n<p><a href=\"https:\/\/drive.google.com\/file\/d\/1OlYvU-SGDbd6pnXe_-1Qsa0kSy-tiex3\/view\" target=\"_blank\" rel=\"noopener\"><img loading=\"lazy\" decoding=\"async\" class=\" wp-image-38 aligncenter\" src=\"https:\/\/iepsanjoseobrero.org\/portal\/wp-content\/uploads\/2025\/01\/boletin_sjo_2025-210x300.png\" alt=\"\" width=\"130\" height=\"185\" srcset=\"https:\/\/iepsanjoseobrero.org\/portal\/wp-content\/uploads\/2025\/01\/boletin_sjo_2025-210x300.png 210w, https:\/\/iepsanjoseobrero.org\/portal\/wp-content\/uploads\/2025\/01\/boletin_sjo_2025-140x200.png 140w, https:\/\/iepsanjoseobrero.org\/portal\/wp-content\/uploads\/2025\/01\/boletin_sjo_2025.png 700w\" sizes=\"auto, (max-width: 130px) 100vw, 130px\" \/><\/a><\/p>\n<p style=\"text-align: center;\"><span style=\"color: #000000;\"><strong>Bolet\u00edn informativo &#8211; 18\/12\/2024<\/strong><\/span><\/p>\n[\/vc_column_text][\/vc_column][vc_column width=\u00bb1\/4&#8243;][vc_column_text css_animation=\u00bbbounceIn\u00bb css=\u00bb\u00bb]\n<p style=\"text-align: center;\"><a href=\"https:\/\/drive.google.com\/file\/d\/1coo9y6WVGKnnxQFY_dPbVYZ1N5QMAvO5\/view?usp=sharing\" target=\"_blank\" rel=\"noopener\"><strong>Reglamento Interno 2025<\/strong><\/a><\/p>\n<p><img loading=\"lazy\" decoding=\"async\" class=\" wp-image-38 aligncenter\" src=\"https:\/\/iepsanjoseobrero.org\/portal\/wp-content\/uploads\/2025\/10\/RI_SJO-230x300.png\" alt=\"\" width=\"141\" height=\"202\" \/><\/p>\n<p style=\"text-align: center;\"><span style=\"color: #000000;\"><strong>RI &#8211; 28\/04\/2025<\/strong><\/span><\/p>\n<p><span data-mce-type=\"bookmark\" style=\"display: inline-block; width: 0px; overflow: hidden; line-height: 0;\" class=\"mce_SELRES_start\">\ufeff<\/span>[\/vc_column_text][\/vc_column][vc_column width=\u00bb1\/4&#8243;][vc_column_text css=\u00bb\u00bb]\n<p style=\"text-align: center;\"><a href=\"https:\/\/drive.google.com\/file\/d\/1qYsOmN9h2FISBabm10hAB3Y-Q7Yr8DGY\/view?usp=sharing\" target=\"_blank\" rel=\"noopener\"><strong>Bolet\u00edn informativo 2026<\/strong><\/a><\/p>\n<p><a href=\"https:\/\/drive.google.com\/file\/d\/1qYsOmN9h2FISBabm10hAB3Y-Q7Yr8DGY\/view?usp=sharing\" target=\"_blank\" rel=\"noopener\"><img loading=\"lazy\" decoding=\"async\" class=\"size-medium wp-image-141 aligncenter\" src=\"https:\/\/iepsanjoseobrero.org\/portal\/wp-content\/uploads\/2025\/11\/boletin_informativo_sjo_2026-211x300.png\" alt=\"\" width=\"132\" height=\"187\" srcset=\"https:\/\/iepsanjoseobrero.org\/portal\/wp-content\/uploads\/2025\/11\/boletin_informativo_sjo_2026-211x300.png 211w, https:\/\/iepsanjoseobrero.org\/portal\/wp-content\/uploads\/2025\/11\/boletin_informativo_sjo_2026.png 593w\" sizes=\"auto, (max-width: 132px) 100vw, 132px\" \/><\/a><\/p>\n<p style=\"text-align: center;\"><strong>Bolet\u00edn informativo &#8211; 14\/11\/2025<\/strong><\/p>\n<p><span data-mce-type=\"bookmark\" style=\"display: inline-block; width: 0px; overflow: hidden; line-height: 0;\" class=\"mce_SELRES_start\">\ufeff<\/span>[\/vc_column_text][\/vc_column][vc_column width=\u00bb1\/4&#8243;][vc_column_text css=\u00bb\u00bb]\n<p style=\"text-align: center;\"><a href=\"https:\/\/drive.google.com\/file\/d\/1Bdbn77EFXk5IcTZZEt2RXPrzCtSTyhKJ\/view?usp=sharing\" target=\"_blank\" rel=\"noopener\"><strong>PCI 2025<\/strong><\/a><\/p>\n<p><a href=\"https:\/\/drive.google.com\/file\/d\/1Bdbn77EFXk5IcTZZEt2RXPrzCtSTyhKJ\/view?usp=sharing\"><img loading=\"lazy\" decoding=\"async\" class=\" wp-image-38 aligncenter\" src=\"https:\/\/iepsanjoseobrero.org\/portal\/wp-content\/uploads\/2025\/10\/PCI_SJO-212x300.png\" alt=\"\" width=\"133\" height=\"187\" \/><\/a><\/p>\n<p>&nbsp;<\/p>\n<p>&nbsp;<\/p>\n<p><span data-mce-type=\"bookmark\" style=\"display: inline-block; width: 0px; overflow: hidden; line-height: 0;\" class=\"mce_SELRES_start\">\ufeff<\/span>[\/vc_column_text][\/vc_column][\/vc_row][vc_row full_width=\u00bbstretch_row_content\u00bb css=\u00bb.vc_custom_1738134384236{margin-bottom: 20px !important;}\u00bb][vc_column css=\u00bb.vc_custom_1738134287249{background-color: #0C4B83 !important;background-position: center !important;background-repeat: no-repeat !important;background-size: contain !important;}\u00bb][vc_column_text css=\u00bb.vc_custom_1738134351284{margin-top: 0px !important;margin-bottom: 0px !important;border-top-width: 0px !important;border-bottom-width: 0px !important;padding-top: 0px !important;padding-bottom: 0px !important;background-position: center !important;background-repeat: no-repeat !important;background-size: contain !important;}\u00bb]\n<h4 style=\"text-align: center; margin-top: 3px;\"><span style=\"color: #ffff00;\"><strong>NOTICIAS<\/strong><\/span><\/h4>\n[\/vc_column_text][\/vc_column][\/vc_row][vc_row][vc_column][vc_column_text css=\u00bb\u00bb]<div class=\"pt-cv-wrapper\"><div class=\"pt-cv-view pt-cv-blockgrid iscvblock iscvhybrid grid1 layout1\" id=\"pt-cv-view-0ffe2ee2yd\"><div data-id=\"pt-cv-page-1\" class=\"pt-cv-page\" data-cvc=\"4\"><div class=\" pt-cv-content-item pt-cv-1-col\" ><div class=\"pt-cv-thumb-wrapper  \"><a href=\"https:\/\/iepsanjoseobrero.org\/portal\/?p=123\" class=\"_self pt-cv-href-thumbnail pt-cv-thumb-default\" target=\"_self\" ><img loading=\"lazy\" decoding=\"async\" width=\"212\" height=\"300\" src=\"https:\/\/iepsanjoseobrero.org\/portal\/wp-content\/uploads\/2025\/06\/comunicado_celular-212x300.jpeg\" class=\"pt-cv-thumbnail\" alt=\"\" srcset=\"https:\/\/iepsanjoseobrero.org\/portal\/wp-content\/uploads\/2025\/06\/comunicado_celular-212x300.jpeg 212w, https:\/\/iepsanjoseobrero.org\/portal\/wp-content\/uploads\/2025\/06\/comunicado_celular-723x1024.jpeg 723w, https:\/\/iepsanjoseobrero.org\/portal\/wp-content\/uploads\/2025\/06\/comunicado_celular-768x1087.jpeg 768w, https:\/\/iepsanjoseobrero.org\/portal\/wp-content\/uploads\/2025\/06\/comunicado_celular-141x200.jpeg 141w, https:\/\/iepsanjoseobrero.org\/portal\/wp-content\/uploads\/2025\/06\/comunicado_celular.jpeg 904w\" sizes=\"auto, (max-width: 212px) 100vw, 212px\" \/><\/a><\/div>\n<h4 class=\"pt-cv-title\"><a href=\"https:\/\/iepsanjoseobrero.org\/portal\/?p=123\" class=\"_self\" target=\"_self\" >Comunicado  Ley N\u00b0 32385<\/a><\/h4>\n<div class=\"pt-cv-content\"> ...<br \/><div class=\"pt-cv-rmwrap\"><a href=\"https:\/\/iepsanjoseobrero.org\/portal\/?p=123\" class=\"_self pt-cv-readmore btn btn-success\" target=\"_self\">Leer M\u00e1s<\/a><\/div><\/div><\/div>\n<div class=\" pt-cv-content-item pt-cv-1-col\" ><div class=\"pt-cv-thumb-wrapper  \"><a href=\"https:\/\/iepsanjoseobrero.org\/portal\/?p=103\" class=\"_self pt-cv-href-thumbnail pt-cv-thumb-default\" target=\"_self\" ><img loading=\"lazy\" decoding=\"async\" width=\"300\" height=\"225\" src=\"https:\/\/iepsanjoseobrero.org\/portal\/wp-content\/uploads\/2025\/01\/CARAVANA-300x225.jpg\" class=\"pt-cv-thumbnail\" alt=\"\" srcset=\"https:\/\/iepsanjoseobrero.org\/portal\/wp-content\/uploads\/2025\/01\/CARAVANA-300x225.jpg 300w, https:\/\/iepsanjoseobrero.org\/portal\/wp-content\/uploads\/2025\/01\/CARAVANA-1024x768.jpg 1024w, https:\/\/iepsanjoseobrero.org\/portal\/wp-content\/uploads\/2025\/01\/CARAVANA-768x576.jpg 768w, https:\/\/iepsanjoseobrero.org\/portal\/wp-content\/uploads\/2025\/01\/CARAVANA-1536x1152.jpg 1536w, https:\/\/iepsanjoseobrero.org\/portal\/wp-content\/uploads\/2025\/01\/CARAVANA-267x200.jpg 267w, https:\/\/iepsanjoseobrero.org\/portal\/wp-content\/uploads\/2025\/01\/CARAVANA.jpg 1600w\" sizes=\"auto, (max-width: 300px) 100vw, 300px\" \/><\/a><\/div>\n<h4 class=\"pt-cv-title\"><a href=\"https:\/\/iepsanjoseobrero.org\/portal\/?p=103\" class=\"_self\" target=\"_self\" >Caravana Navide\u00f1a de Solidaridad 2024<\/a><\/h4>\n<div class=\"pt-cv-content\">Con el valioso apoyo de la Comisar\u00eda San Pedro en coordinaci\u00f3n con ellos , la Instituci\u00f3n Educativa \"San Jos\u00e9 Obrero\" ...<br \/><div class=\"pt-cv-rmwrap\"><a href=\"https:\/\/iepsanjoseobrero.org\/portal\/?p=103\" class=\"_self pt-cv-readmore btn btn-success\" target=\"_self\">Leer M\u00e1s<\/a><\/div><\/div><\/div>\n<div class=\" pt-cv-content-item pt-cv-1-col\" ><div class=\"pt-cv-thumb-wrapper  \"><a href=\"https:\/\/iepsanjoseobrero.org\/portal\/?p=100\" class=\"_self pt-cv-href-thumbnail pt-cv-thumb-default\" target=\"_self\" ><img loading=\"lazy\" decoding=\"async\" width=\"212\" height=\"300\" src=\"https:\/\/iepsanjoseobrero.org\/portal\/wp-content\/uploads\/2025\/01\/CONVOCATORIA_SJO-212x300.jpg\" class=\"pt-cv-thumbnail\" alt=\"\" srcset=\"https:\/\/iepsanjoseobrero.org\/portal\/wp-content\/uploads\/2025\/01\/CONVOCATORIA_SJO-212x300.jpg 212w, https:\/\/iepsanjoseobrero.org\/portal\/wp-content\/uploads\/2025\/01\/CONVOCATORIA_SJO-723x1024.jpg 723w, https:\/\/iepsanjoseobrero.org\/portal\/wp-content\/uploads\/2025\/01\/CONVOCATORIA_SJO-768x1087.jpg 768w, https:\/\/iepsanjoseobrero.org\/portal\/wp-content\/uploads\/2025\/01\/CONVOCATORIA_SJO-141x200.jpg 141w, https:\/\/iepsanjoseobrero.org\/portal\/wp-content\/uploads\/2025\/01\/CONVOCATORIA_SJO.jpg 904w\" sizes=\"auto, (max-width: 212px) 100vw, 212px\" \/><\/a><\/div>\n<h4 class=\"pt-cv-title\"><a href=\"https:\/\/iepsanjoseobrero.org\/portal\/?p=100\" class=\"_self\" target=\"_self\" >CONVOCATORIA DOCENTE 2025<\/a><\/h4>\n<div class=\"pt-cv-content\">Convocatoria 2025 ...<br \/><div class=\"pt-cv-rmwrap\"><a href=\"https:\/\/iepsanjoseobrero.org\/portal\/?p=100\" class=\"_self pt-cv-readmore btn btn-success\" target=\"_self\">Leer M\u00e1s<\/a><\/div><\/div><\/div>\n<div class=\" pt-cv-content-item pt-cv-1-col\" ><div class=\"pt-cv-thumb-wrapper  \"><a href=\"https:\/\/iepsanjoseobrero.org\/portal\/?p=96\" class=\"_self pt-cv-href-thumbnail pt-cv-thumb-default\" target=\"_self\" ><img loading=\"lazy\" decoding=\"async\" width=\"300\" height=\"169\" src=\"https:\/\/iepsanjoseobrero.org\/portal\/wp-content\/uploads\/2025\/01\/II_DIA_LOGRO_SJO-300x169.jpg\" class=\"pt-cv-thumbnail\" alt=\"\" srcset=\"https:\/\/iepsanjoseobrero.org\/portal\/wp-content\/uploads\/2025\/01\/II_DIA_LOGRO_SJO-300x169.jpg 300w, https:\/\/iepsanjoseobrero.org\/portal\/wp-content\/uploads\/2025\/01\/II_DIA_LOGRO_SJO-1024x576.jpg 1024w, https:\/\/iepsanjoseobrero.org\/portal\/wp-content\/uploads\/2025\/01\/II_DIA_LOGRO_SJO-768x432.jpg 768w, https:\/\/iepsanjoseobrero.org\/portal\/wp-content\/uploads\/2025\/01\/II_DIA_LOGRO_SJO-1536x864.jpg 1536w, https:\/\/iepsanjoseobrero.org\/portal\/wp-content\/uploads\/2025\/01\/II_DIA_LOGRO_SJO-356x200.jpg 356w, https:\/\/iepsanjoseobrero.org\/portal\/wp-content\/uploads\/2025\/01\/II_DIA_LOGRO_SJO.jpg 2048w\" sizes=\"auto, (max-width: 300px) 100vw, 300px\" \/><\/a><\/div>\n<h4 class=\"pt-cv-title\"><a href=\"https:\/\/iepsanjoseobrero.org\/portal\/?p=96\" class=\"_self\" target=\"_self\" >II D\u00cdA DEL LOGRO 2024<\/a><\/h4>\n<div class=\"pt-cv-content\">Esto fue lo que se vivi\u00f3 en el D\u00eda del Logro, celebrando los saberes y actividades de nuestros queridos estudiantes: ...<br \/><div class=\"pt-cv-rmwrap\"><a href=\"https:\/\/iepsanjoseobrero.org\/portal\/?p=96\" class=\"_self pt-cv-readmore btn btn-success\" target=\"_self\">Leer M\u00e1s<\/a><\/div><\/div><\/div>\n<div class=\" pt-cv-content-item pt-cv-1-col\" ><div class=\"pt-cv-thumb-wrapper  \"><a href=\"https:\/\/iepsanjoseobrero.org\/portal\/?p=73\" class=\"_self pt-cv-href-thumbnail pt-cv-thumb-default\" target=\"_self\" ><img loading=\"lazy\" decoding=\"async\" width=\"267\" height=\"300\" src=\"https:\/\/iepsanjoseobrero.org\/portal\/wp-content\/uploads\/2025\/01\/voz-267x300.png\" class=\"pt-cv-thumbnail\" alt=\"\" srcset=\"https:\/\/iepsanjoseobrero.org\/portal\/wp-content\/uploads\/2025\/01\/voz-267x300.png 267w, https:\/\/iepsanjoseobrero.org\/portal\/wp-content\/uploads\/2025\/01\/voz-768x863.png 768w, https:\/\/iepsanjoseobrero.org\/portal\/wp-content\/uploads\/2025\/01\/voz-178x200.png 178w, https:\/\/iepsanjoseobrero.org\/portal\/wp-content\/uploads\/2025\/01\/voz.png 908w\" sizes=\"auto, (max-width: 267px) 100vw, 267px\" \/><\/a><\/div>\n<h4 class=\"pt-cv-title\"><a href=\"https:\/\/iepsanjoseobrero.org\/portal\/?p=73\" class=\"_self\" target=\"_self\" >\u00a1\ud835\uddd6\ud835\udde8\ud835\uddd4\ud835\udde5\ud835\udde7\ud835\udde2 \ud835\udde3\ud835\udde5\ud835\udde2\ud835\uddda\ud835\udde5\ud835\uddd4\ud835\udde0\ud835\uddd4 \ud835\uddd7\ud835\uddd8 \ud835\udde9\ud835\udde2\ud835\udded \ud835\udddd\ud835\udde2\ud835\udde6\ud835\uddd8\ud835\uddd9\ud835\udddc\ud835\udde1\ud835\uddd4!<\/a><\/h4>\n<div class=\"pt-cv-content\">En el programa de hoy tenemos de invitado nuestro querido profesor Miguel Mondo\u00f1edo, con quien hablamos sobre su experiencia en ...<br \/><div class=\"pt-cv-rmwrap\"><a href=\"https:\/\/iepsanjoseobrero.org\/portal\/?p=73\" class=\"_self pt-cv-readmore btn btn-success\" target=\"_self\">Leer M\u00e1s<\/a><\/div><\/div><\/div><\/div><\/div><\/div>\t\t\t<style type=\"text\/css\" id=\"pt-cv-inline-style-8925e81zo0\">\n#pt-cv-view-0ffe2ee2yd .pt-cv-thumb-wrapper:not(.miniwrap) {  }#pt-cv-view-0ffe2ee2yd .pt-cv-thumbnail:not(.pt-cv-thumbnailsm) { height: 250px; }#pt-cv-view-0ffe2ee2yd > .pt-cv-page {grid-template-columns: repeat(4, 1fr);grid-gap: 15px;}\n@media all and (max-width: 1024px) { \n#pt-cv-view-0ffe2ee2yd > .pt-cv-page {grid-template-columns: repeat(1, 1fr);}\n} \n@media all and (max-width: 767px) { \n#pt-cv-view-0ffe2ee2yd > .pt-cv-page {grid-template-columns: repeat(1, 1fr);}\n} <\/style>\r\n\t\t\t[\/vc_column_text][\/vc_column][\/vc_row][vc_row css=\u00bb.vc_custom_1738112197187{background-color: #AAC0E4 !important;}\u00bb][vc_column width=\u00bb1\/3&#8243;][vc_column_text css=\u00bb\u00bb]\n<p style=\"text-align: center;\"><strong>\u00a0 \u00a0 MANTENTE EN CONTACTO<\/strong><br \/>\n<strong>\u00a0 \u00a0 Direcci\u00f3n: Avenida 2 de Junio, Mz. L&#8217; lote 01 Chimbote &#8211; Per\u00fa<\/strong>[\/vc_column_text][\/vc_column][vc_column width=\u00bb1\/3&#8243;][vc_column_text css=\u00bb\u00bb]\n<p style=\"text-align: center;\"><strong>Secretaria: iepp_sjo@hotmail.com<\/strong><\/p>\n<p style=\"text-align: center;\"><strong>Tel: (043) 636994<\/strong><\/p>\n[\/vc_column_text][\/vc_column][vc_column width=\u00bb1\/3&#8243;][vc_icon icon_fontawesome=\u00bbfab fa-facebook\u00bb css=\u00bb\u00bb link=\u00bburl:https%3A%2F%2Fwww.facebook.com%2Fiepsanjoseobrero|target:_blank\u00bb][\/vc_column][\/vc_row]\n<\/div>","protected":false},"excerpt":{"rendered":"<p>[vc_row css=\u00bb.vc_custom_1738121851090{margin-top: 0px !important;margin-bottom: 0px !important;border-top-width: 0px !important;border-bottom-width: 0px !important;padding-top: 0px !important;padding-bottom: 0px !important;}\u00bb][vc_column css=\u00bb.vc_custom_1738123000261{margin-top: 0px !important;margin-bottom: 0px !important;border-top-width: 0px !important;border-bottom-width: 0px !important;padding-top: 0px !important;padding-bottom: 0px !important;}\u00bb][vc_column_text css=\u00bb.vc_custom_1738122991595{margin-top: 0px !important;margin-bottom: 0px !important;border-top-width: 0px !important;border-bottom-width: 0px !important;padding-top: 0px !important;padding-bottom: 0px !important;}\u00bb][\/vc_column_text][\/vc_column][\/vc_row][vc_row][vc_column css=\u00bb.vc_custom_1738123032694{margin-top: 0px !important;border-top-width: 0px !important;padding-top: 0px !important;}\u00bb][vc_column_text css=\u00bb.vc_custom_1738132155929{margin-top: 0px !important;margin-bottom: &hellip;<\/p>\n","protected":false},"author":1,"featured_media":0,"parent":0,"menu_order":0,"comment_status":"closed","ping_status":"closed","template":"layerslider-blank","meta":{"footnotes":""},"class_list":["post-9","page","type-page","status-publish","hentry"],"_links":{"self":[{"href":"https:\/\/iepsanjoseobrero.org\/portal\/index.php?rest_route=\/wp\/v2\/pages\/9","targetHints":{"allow":["GET"]}}],"collection":[{"href":"https:\/\/iepsanjoseobrero.org\/portal\/index.php?rest_route=\/wp\/v2\/pages"}],"about":[{"href":"https:\/\/iepsanjoseobrero.org\/portal\/index.php?rest_route=\/wp\/v2\/types\/page"}],"author":[{"embeddable":true,"href":"https:\/\/iepsanjoseobrero.org\/portal\/index.php?rest_route=\/wp\/v2\/users\/1"}],"replies":[{"embeddable":true,"href":"https:\/\/iepsanjoseobrero.org\/portal\/index.php?rest_route=%2Fwp%2Fv2%2Fcomments&post=9"}],"version-history":[{"count":74,"href":"https:\/\/iepsanjoseobrero.org\/portal\/index.php?rest_route=\/wp\/v2\/pages\/9\/revisions"}],"predecessor-version":[{"id":144,"href":"https:\/\/iepsanjoseobrero.org\/portal\/index.php?rest_route=\/wp\/v2\/pages\/9\/revisions\/144"}],"wp:attachment":[{"href":"https:\/\/iepsanjoseobrero.org\/portal\/index.php?rest_route=%2Fwp%2Fv2%2Fmedia&parent=9"}],"curies":[{"name":"wp","href":"https:\/\/api.w.org\/{rel}","templated":true}]}}